{"id":38,"date":"2014-11-05T14:36:33","date_gmt":"2014-11-05T14:36:33","guid":{"rendered":"http:\/\/milvi.es\/index.php\/home\/"},"modified":"2019-05-08T09:10:12","modified_gmt":"2019-05-08T09:10:12","slug":"home","status":"publish","type":"page","link":"https:\/\/milvi.es\/","title":{"rendered":"Home"},"content":{"rendered":"<section class=\"section  text-normal section-text-no-shadow section-inner-no-shadow section-normal section-opaque\"  id=\"home\" >\n            <div class=\"background-media\" style=\"background-image: url(&#039;https:\/\/milvi.es\/wp-content\/uploads\/2019\/05\/facade-919043_1920.jpg&#039;); background-repeat:no-repeat; background-size:cover; background-attachment:no-scroll; background-position: 50% 0%;\" data-start=\"background-position: 50% 0px\" data-0-top-bottom=\"background-position: 50% 300px\">\n                    <\/div>\n    \n    <div class=\"background-overlay grid-overlay-0 \" style=\"background-color: rgba(0,0,0,0);\"><\/div>\n\n    <div class=\"container-fullwidth container-vertical-middle\">\n        <div class=\"row vertical-middle\">\n            <div class=\"col-md-7     text-default small-screen-center\"  ><h1 class=\"text-center  element-top-20 element-bottom-20 text-normal os-animation hyper light\" data-os-animation=\"fadeIn\" data-os-animation-delay=\"0.1s\" >\n    MILVI GESTI\u00d3N, S.L.<\/h1><div class=\"col-text-1 text-light bigger element-top-20 element-bottom-20\" data-os-animation=\"none\" data-os-animation-delay=\"0s\">\n    <p style=\"text-align: center;\"><span style=\"color: #009ee9;\">Servicios integrales<\/span><\/p>\n<\/div>\n<\/div><div class=\"col-md-5     text-center small-screen-default\"  ><div class=\"figure element-top-40 element-bottom-40   os-animation\" data-os-animation=\"fadeInUp\" data-os-animation-delay=\"0.4s\">\n            <span class=\"figure-image\">\n        <img loading=\"lazy\" decoding=\"async\" width=\"430\" height=\"800\" src=\"https:\/\/milvi.es\/wp-content\/uploads\/2019\/05\/lohoIphobe.png\" class=\"attachment-full size-full\" alt=\"\" srcset=\"https:\/\/milvi.es\/wp-content\/uploads\/2019\/05\/lohoIphobe.png 430w, https:\/\/milvi.es\/wp-content\/uploads\/2019\/05\/lohoIphobe-161x300.png 161w\" sizes=\"auto, (max-width: 430px) 100vw, 430px\" \/>            <\/span>\n    <\/div>\n<\/div>        <\/div>\n    <\/div>\n<\/section>\n<section class=\"section  text-normal section-text-no-shadow section-inner-no-shadow section-normal section-opaque\"  id=\"features\" >\n    \n    <div class=\"background-overlay grid-overlay-0 \" style=\"background-color: rgba(0,0,0,0);\"><\/div>\n\n    <div class=\"container container-vertical-default\">\n        <div class=\"row vertical-default\">\n            <div class=\"col-md-2     text-default small-screen-default\"  ><\/div><div class=\"col-md-8     text-default small-screen-default\"  ><h1 class=\"text-center  element-top-60 element-bottom-20 text-normal os-animation big regular\" data-os-animation=\"fadeIn\" data-os-animation-delay=\"0s\" >\n    SERVICIOS<\/h1><div class=\"divider-border  divider-border-center element-top-20 element-bottom-20 os-animation\" data-os-animation=\"fadeIn\" data-os-animation-delay=\"0.1s\" >\n    <div class=\"divider-border-inner\" ><\/div>\n<\/div><p class=\"lead text-center center  text-normal element-top-20 element-bottom-20 os-animation \" data-os-animation=\"fadeIn\" data-os-animation-delay=\"0.2s\">Desde Milvi Gesti\u00f3n queremos ofrecerte una serie de servicios integrales para proteger<br \/>\ny rentabilizar tu patrimonio.<br \/>\n<\/p><\/div><div class=\"col-md-2     text-default small-screen-default\"  ><\/div>        <\/div>\n    <\/div>\n<\/section>\n<section class=\"section  text-normal section-text-no-shadow section-inner-no-shadow section-normal section-opaque\"  >\n    \n    <div class=\"background-overlay grid-overlay-0 \" style=\"background-color: rgba(0,0,0,0);\"><\/div>\n\n    <div class=\"container container-vertical-middle\">\n        <div class=\"row vertical-middle\">\n            <div class=\"col-md-8     text-default small-screen-default\"  ><ul class=\"features-list  text-normal element-top-20 element-bottom-20\" data-os-animation=\"none\" data-os-animation-delay=\"0s\">\n    <li class=\" element-top-40 element-bottom-40 os-animation\"  data-os-animation=\"fadeInLeft\" data-os-animation-delay=\"0.1s\">\n            <div class=\"features-list-icon box-animate\" data-animation=\" \" style=\"background-color:#009ee9;\">\n            <i class=\"fa fa-money\" style=\"color:#ffffff;\"><\/i>\n        <\/div>\n        <h3>\n        ASESORAMIENTO FINANCIERO    <\/h3>\n    <p>\n        Nuestros profesionales te indicar\u00e1n las mejores alternativas para sacarle un mayor rendimiento a tus inversiones de acuerdo con el riesgo que quieras asumir.    <\/p>\n<\/li><li class=\" element-top-40 element-bottom-40 os-animation\"  data-os-animation=\"fadeInLeft\" data-os-animation-delay=\"0.3s\">\n            <div class=\"features-list-icon box-animate\" data-animation=\" \" style=\"background-color:#009ee9;\">\n            <i class=\"fa fa-building\" style=\"color:#ffffff;\"><\/i>\n        <\/div>\n        <h3>\n        ASESORAMIENTO INMOBILIARIO    <\/h3>\n    <p>\n        Ya sea un inmueble de tu propiedad al que quieras sacarle un mayor partido o la adquisici\u00f3n de otro inmueble, nuestros profesionales te proporcionar\u00e1n una visi\u00f3n de todas las alternativas disponibles y la que mejor se adapta a tu situaci\u00f3n y a la rentabilidad que quieras obtener.    <\/p>\n<\/li><li class=\" element-top-40 element-bottom-40 os-animation\"  data-os-animation=\"fadeInRight\" data-os-animation-delay=\"0.2s\">\n            <div class=\"features-list-icon box-animate\" data-animation=\" \" style=\"background-color:#009ee9;\">\n            <i class=\"fa fa-university\" style=\"color:#ffffff;\"><\/i>\n        <\/div>\n        <h3>\n        ASESORAMIENTO FISCAL    <\/h3>\n    <p>\n        Nuestros profesionales analizar\u00e1n las repercusiones que cualquier acto jur\u00eddico tiene sobre los impuestos que se deben pagar a la Hacienda p\u00fablica, loca o regional. Este an\u00e1lisis permitir\u00e1 tener todas las variables para poder elegir la opci\u00f3n m\u00e1s interesante con respecto a los impuestos que han de pagarse.    <\/p>\n<\/li><li class=\" element-top-40 element-bottom-40 os-animation\"  data-os-animation=\"fadeInRight\" data-os-animation-delay=\"0.4s\">\n            <div class=\"features-list-icon box-animate\" data-animation=\" \" style=\"background-color:#009ee9;\">\n            <i class=\"fa fa-line-chart\" style=\"color:#ffffff;\"><\/i>\n        <\/div>\n        <h3>\n        ASESORAMIENTO EN RENTABILIDAD    <\/h3>\n    <p>\n        Por nuestra experiencia podemos ofrecerle inmuebles en rentabilidad para que su inversi\u00f3n tenga una rentabilidad adecuada y un inmueble en propiedad.    <\/p>\n<\/li><li class=\" element-top-40 element-bottom-40 os-animation\"  data-os-animation=\"fadeInRight\" data-os-animation-delay=\"0.4s\">\n            <div class=\"features-list-icon box-animate\" data-animation=\" \" style=\"background-color:#009ee9;\">\n            <i class=\"fa fa-euro\" style=\"color:#ffffff;\"><\/i>\n        <\/div>\n        <h3>\n        GESTORES BANCARIOS    <\/h3>\n    <p>\n        Nuestros asesores analizar\u00e1n el comportamiento en sus cuentas corrientes para sacarle el m\u00e1ximo partido a sus posiciones bancarias y abordar favorablemente cualquier inversi\u00f3n o financiaci\u00f3n.    <\/p>\n<\/li><li class=\" element-top-40 element-bottom-40 os-animation\"  data-os-animation=\"fadeInRight\" data-os-animation-delay=\"0.4s\">\n            <div class=\"features-list-icon box-animate\" data-animation=\" \" style=\"background-color:#009ee9;\">\n            <i class=\"fa fa-euro\" style=\"color:#ffffff;\"><\/i>\n        <\/div>\n        <h3>\n        FINANCIACI\u00d3N NO BANCARIA    <\/h3>\n    <p>\n        Podemos ofrecerle financiaci\u00f3n que no procede de entidades bancarias sino de fondos de inversi\u00f3n y que por tanto no consumen Cirbe. A trav\u00e9s de este producto podemos obtener financiaci\u00f3n a trav\u00e9s de un lease-back de su propia maquinaria.    <\/p>\n<\/li><\/ul><\/div><div class=\"col-md-4     text-center small-screen-default\"  ><div class=\"figure element-top-20 element-bottom-20 image-effect-zoom-in scroll-to-id os-animation\" data-os-animation=\"fadeInUp\" data-os-animation-delay=\"0.1s\">\n            <span class=\"figure-image\">\n        <img loading=\"lazy\" decoding=\"async\" width=\"400\" height=\"800\" src=\"https:\/\/milvi.es\/wp-content\/uploads\/2019\/05\/servicios1.png\" class=\"attachment-full size-full\" alt=\"\" srcset=\"https:\/\/milvi.es\/wp-content\/uploads\/2019\/05\/servicios1.png 400w, https:\/\/milvi.es\/wp-content\/uploads\/2019\/05\/servicios1-150x300.png 150w\" sizes=\"auto, (max-width: 400px) 100vw, 400px\" \/>            <\/span>\n    <\/div>\n<\/div>        <\/div>\n    <\/div>\n<\/section>\n<section class=\"section  text-normal section-text-no-shadow section-inner-no-shadow section-normal section-opaque\"  id=\"design\" >\n    \n    <div class=\"background-overlay grid-overlay-0 \" style=\"background-color: rgba(240,240,240,1);\"><\/div>\n\n    <div class=\"container container-vertical-default\">\n        <div class=\"row vertical-default\">\n            <div class=\"col-md-12     text-default small-screen-default\"  ><div class=\"row \"><div class=\"col-md-2     text-default small-screen-default\"  ><\/div><div class=\"col-md-8     text-default small-screen-default\"  ><h1 class=\"text-center  element-top-60 element-bottom-20 text-normal os-animation big regular\" data-os-animation=\"fadeIn\" data-os-animation-delay=\"0s\" >\n    Valores<\/h1><div class=\"divider-border  divider-border-center element-top-20 element-bottom-20 os-animation\" data-os-animation=\"fadeIn\" data-os-animation-delay=\"0.1s\" >\n    <div class=\"divider-border-inner\" ><\/div>\n<\/div><p class=\"lead text-center center  text-normal element-top-20 element-bottom-20 os-animation \" data-os-animation=\"fadeIn\" data-os-animation-delay=\"0.2s\">Actuar siempre de forma honesta tomando decisiones desde una \u00e9tica profesional que favorezca los intereses de nuestros clientes<\/p><div class=\"divider-border  divider-border-center element-top-20 element-bottom-20 os-animation\" data-os-animation=\"fadeIn\" data-os-animation-delay=\"0.1s\" >\n    <div class=\"divider-border-inner\" ><\/div>\n<\/div><h1 class=\"text-center  element-top-60 element-bottom-20 text-normal os-animation big regular\" data-os-animation=\"fadeIn\" data-os-animation-delay=\"0s\" >\n    Misi\u00f3n<\/h1><div class=\"divider-border  divider-border-center element-top-20 element-bottom-20 os-animation\" data-os-animation=\"fadeIn\" data-os-animation-delay=\"0.1s\" >\n    <div class=\"divider-border-inner\" ><\/div>\n<\/div><p class=\"lead text-center center  text-normal element-top-20 element-bottom-20 os-animation \" data-os-animation=\"fadeIn\" data-os-animation-delay=\"0.2s\">Ser la referencia en el sector en la Comunidad Valenciana por la eficacia en nuestras gestiones y por la honestidad en nuestros actos. <\/p><div class=\"divider-border  divider-border-center element-top-20 element-bottom-20 os-animation\" data-os-animation=\"fadeIn\" data-os-animation-delay=\"0.1s\" >\n    <div class=\"divider-border-inner\" ><\/div>\n<\/div><h1 class=\"text-center  element-top-60 element-bottom-20 text-normal os-animation big regular\" data-os-animation=\"fadeIn\" data-os-animation-delay=\"0s\" >\n    Visi\u00f3n<\/h1><div class=\"divider-border  divider-border-center element-top-20 element-bottom-20 os-animation\" data-os-animation=\"fadeIn\" data-os-animation-delay=\"0.1s\" >\n    <div class=\"divider-border-inner\" ><\/div>\n<\/div><p class=\"lead text-center center  text-normal element-top-20 element-bottom-20 os-animation \" data-os-animation=\"fadeIn\" data-os-animation-delay=\"0.2s\">Actuar siempre de forma honesta tomando decisiones desde una \u00e9tica profesional que favorezca los intereses de nuestros clientes<\/p><\/div><div class=\"col-md-2     text-default small-screen-default\"  ><\/div><\/div><div class=\"figure element-top-20 element-bottom-0   os-animation\" data-os-animation=\"fadeInUp\" data-os-animation-delay=\"0.3s\">\n            <a href=\"https:\/\/milvi.es\/wp-content\/uploads\/2019\/05\/valoresMilvi.png\" class=\"figure-image magnific\" target=\"_self\">\n        <img loading=\"lazy\" decoding=\"async\" width=\"1200\" height=\"378\" src=\"https:\/\/milvi.es\/wp-content\/uploads\/2019\/05\/valoresMilvi.png\" class=\"attachment-full size-full\" alt=\"\" srcset=\"https:\/\/milvi.es\/wp-content\/uploads\/2019\/05\/valoresMilvi.png 1200w, https:\/\/milvi.es\/wp-content\/uploads\/2019\/05\/valoresMilvi-300x95.png 300w, https:\/\/milvi.es\/wp-content\/uploads\/2019\/05\/valoresMilvi-768x242.png 768w, https:\/\/milvi.es\/wp-content\/uploads\/2019\/05\/valoresMilvi-1024x323.png 1024w\" sizes=\"auto, (max-width: 1200px) 100vw, 1200px\" \/>            <\/a>\n    <\/div>\n<\/div>        <\/div>\n    <\/div>\n<\/section>\n<section class=\"section  text-normal section-text-no-shadow section-inner-no-shadow section-normal section-opaque\"  id=\"screenshots\" >\n    \n    <div class=\"background-overlay grid-overlay-0 \" style=\"background-color: rgba(240,240,240,0);\"><\/div>\n\n    <div class=\"container-fullwidth container-vertical-default\">\n        <div class=\"row vertical-default\">\n            <div class=\"col-md-12     text-default small-screen-default\"  ><div class=\"row \"><div class=\"col-md-12     text-default small-screen-default\"  ><\/div><\/div><div class=\"row \"><div class=\"col-md-2     text-default small-screen-default\"  ><\/div><div class=\"col-md-8     text-default small-screen-default\"  ><h1 class=\"text-center  element-top-60 element-bottom-20 text-normal os-animation big regular\" data-os-animation=\"fadeIn\" data-os-animation-delay=\"0s\" >\n    Webs de inter\u00e9s<\/h1><div class=\"divider-border  divider-border-center element-top-20 element-bottom-20 os-animation\" data-os-animation=\"fadeIn\" data-os-animation-delay=\"0.1s\" >\n    <div class=\"divider-border-inner\" ><\/div>\n<\/div><\/div><div class=\"col-md-2     text-default small-screen-default\"  ><\/div><\/div><\/div>        <\/div>\n    <\/div>\n<\/section>\n<section class=\"section  text-normal section-text-no-shadow section-inner-no-shadow section-normal section-opaque\"  >\n    \n    <div class=\"background-overlay grid-overlay-0 \" style=\"background-color: rgba(0,0,0,0);\"><\/div>\n\n    <div class=\"container container-vertical-default\">\n        <div class=\"row vertical-default\">\n            <div class=\"col-md-3     text-default small-screen-default\"  ><div class=\"figure element-top-20 element-bottom-20  \" data-os-animation=\"none\" data-os-animation-delay=\"0s\">\n            <a href=\"https:\/\/www.pisosdebanco.es\/\" class=\"figure-image \" target=\"_blank\">\n        <img loading=\"lazy\" decoding=\"async\" width=\"400\" height=\"300\" src=\"https:\/\/milvi.es\/wp-content\/uploads\/2019\/05\/Pisos.png\" class=\"attachment-full size-full\" alt=\"\" srcset=\"https:\/\/milvi.es\/wp-content\/uploads\/2019\/05\/Pisos.png 400w, https:\/\/milvi.es\/wp-content\/uploads\/2019\/05\/Pisos-300x225.png 300w\" sizes=\"auto, (max-width: 400px) 100vw, 400px\" \/>            <\/a>\n    <\/div>\n<div class=\"col-text-1 text-normal  element-top-20 element-bottom-20\" data-os-animation=\"none\" data-os-animation-delay=\"0s\">\n    <h4 style=\"text-align: center;\">Pisosdebanco<\/h4>\n<\/div>\n<\/div><div class=\"col-md-3     text-default small-screen-default\"  ><div class=\"figure element-top-20 element-bottom-20  \" data-os-animation=\"none\" data-os-animation-delay=\"0s\">\n            <span class=\"figure-image\">\n        <img loading=\"lazy\" decoding=\"async\" width=\"400\" height=\"300\" src=\"https:\/\/milvi.es\/wp-content\/uploads\/2019\/05\/haya.png\" class=\"attachment-full size-full\" alt=\"\" srcset=\"https:\/\/milvi.es\/wp-content\/uploads\/2019\/05\/haya.png 400w, https:\/\/milvi.es\/wp-content\/uploads\/2019\/05\/haya-300x225.png 300w\" sizes=\"auto, (max-width: 400px) 100vw, 400px\" \/>            <\/span>\n    <\/div>\n<div class=\"col-text-1 text-normal  element-top-20 element-bottom-20\" data-os-animation=\"none\" data-os-animation-delay=\"0s\">\n    <h4 style=\"text-align: center;\">Haya<\/h4>\n<\/div>\n<\/div><div class=\"col-md-3     text-default small-screen-default\"  ><div class=\"figure element-top-20 element-bottom-20  \" data-os-animation=\"none\" data-os-animation-delay=\"0s\">\n            <a href=\"https:\/\/www.cmslevante.es\/\" class=\"figure-image \" target=\"_blank\">\n        <img loading=\"lazy\" decoding=\"async\" width=\"400\" height=\"300\" src=\"https:\/\/milvi.es\/wp-content\/uploads\/2019\/05\/cmsl.jpg\" class=\"attachment-full size-full\" alt=\"\" srcset=\"https:\/\/milvi.es\/wp-content\/uploads\/2019\/05\/cmsl.jpg 400w, https:\/\/milvi.es\/wp-content\/uploads\/2019\/05\/cmsl-300x225.jpg 300w\" sizes=\"auto, (max-width: 400px) 100vw, 400px\" \/>            <\/a>\n    <\/div>\n<div class=\"col-text-1 text-normal  element-top-20 element-bottom-20\" data-os-animation=\"none\" data-os-animation-delay=\"0s\">\n    <h4 style=\"text-align: center;\">CMS Levante<\/h4>\n<\/div>\n<\/div><div class=\"col-md-3     text-default small-screen-default\"  ><div class=\"figure element-top-20 element-bottom-20  \" data-os-animation=\"none\" data-os-animation-delay=\"0s\">\n            <a href=\"https:\/\/dpdvalencia.es\/\" class=\"figure-image \" target=\"_blank\">\n        <img loading=\"lazy\" decoding=\"async\" width=\"400\" height=\"300\" src=\"https:\/\/milvi.es\/wp-content\/uploads\/2019\/05\/dpdvalencia.png\" class=\"attachment-full size-full\" alt=\"\" srcset=\"https:\/\/milvi.es\/wp-content\/uploads\/2019\/05\/dpdvalencia.png 400w, https:\/\/milvi.es\/wp-content\/uploads\/2019\/05\/dpdvalencia-300x225.png 300w\" sizes=\"auto, (max-width: 400px) 100vw, 400px\" \/>            <\/a>\n    <\/div>\n<div class=\"col-text-1 text-normal  element-top-20 element-bottom-20\" data-os-animation=\"none\" data-os-animation-delay=\"0s\">\n    <h4 style=\"text-align: center;\">Delegados Protecci\u00f3n de Datos<\/h4>\n<\/div>\n<\/div>        <\/div>\n    <\/div>\n<\/section>\n<section class=\"section  text-normal section-text-no-shadow section-inner-no-shadow section-normal section-opaque\"  id=\"buy\" >\n            <div class=\"background-media\" style=\"background-image: url(&#039;https:\/\/milvi.es\/wp-content\/uploads\/2018\/10\/architecture-868077_1920.jpg&#039;); background-repeat:no-repeat; background-size:cover; background-attachment:fixed; background-position: 50% 0%;\" data-start=\"background-position: 50% 0px\" data-0-top-bottom=\"background-position: 50% -84px\">\n                    <\/div>\n    \n    <div class=\"background-overlay grid-overlay-0 \" style=\"background-color: rgba(244,244,244,0.6);\"><\/div>\n\n    <div class=\"container container-vertical-top\">\n        <div class=\"row vertical-top\">\n            <div class=\"col-md-1     text-left small-screen-center\"  ><\/div><div class=\"col-md-10     text-center small-screen-default\"  ><h1 class=\"text-default  element-top-100 element-bottom-20 text-normal os-animation big regular\" data-os-animation=\"fadeIn\" data-os-animation-delay=\"0s\" >\n    Contacto<\/h1><div class=\"divider-border  divider-border-center element-top-20 element-bottom-20 os-animation\" data-os-animation=\"fadeIn\" data-os-animation-delay=\"0.1s\" >\n    <div class=\"divider-border-inner\"  style=\"background:#00436d; width:70px;\"><\/div>\n<\/div>\n<div class=\"wpcf7 no-js\" id=\"wpcf7-f13-o1\" lang=\"es-ES\" dir=\"ltr\" data-wpcf7-id=\"13\">\n<div class=\"screen-reader-response\"><p role=\"status\" aria-live=\"polite\" aria-atomic=\"true\"><\/p> <ul><\/ul><\/div>\n<form action=\"\/index.php\/wp-json\/wp\/v2\/pages\/38#wpcf7-f13-o1\" method=\"post\" class=\"wpcf7-form init\" aria-label=\"Formulario de contacto\" novalidate=\"novalidate\" data-status=\"init\">\n<fieldset class=\"hidden-fields-container\"><input type=\"hidden\" name=\"_wpcf7\" value=\"13\" \/><input type=\"hidden\" name=\"_wpcf7_version\" value=\"6.1\" \/><input type=\"hidden\" name=\"_wpcf7_locale\" value=\"es_ES\" \/><input type=\"hidden\" name=\"_wpcf7_unit_tag\" value=\"wpcf7-f13-o1\" \/><input type=\"hidden\" name=\"_wpcf7_container_post\" value=\"0\" \/><input type=\"hidden\" name=\"_wpcf7_posted_data_hash\" value=\"\" \/>\n<\/fieldset>\n<p><label> Su nombre (*)<br \/>\n<span class=\"wpcf7-form-control-wrap\" data-name=\"your-name\"><input size=\"40\" maxlength=\"400\" class=\"wpcf7-form-control wpcf7-text wpcf7-validates-as-required\" aria-required=\"true\" aria-invalid=\"false\" value=\"\" type=\"text\" name=\"your-name\" \/><\/span> <\/label>\n<\/p>\n<p><label> Su Email (*)<br \/>\n<span class=\"wpcf7-form-control-wrap\" data-name=\"your-email\"><input size=\"40\" maxlength=\"400\" class=\"wpcf7-form-control wpcf7-email wpcf7-validates-as-required wpcf7-text wpcf7-validates-as-email\" aria-required=\"true\" aria-invalid=\"false\" value=\"\" type=\"email\" name=\"your-email\" \/><\/span> <\/label>\n<\/p>\n<p><label> Asunto<br \/>\n<span class=\"wpcf7-form-control-wrap\" data-name=\"your-subject\"><input size=\"40\" maxlength=\"400\" class=\"wpcf7-form-control wpcf7-text\" aria-invalid=\"false\" value=\"\" type=\"text\" name=\"your-subject\" \/><\/span> <\/label>\n<\/p>\n<p><label> Mensaje<br \/>\n<span class=\"wpcf7-form-control-wrap\" data-name=\"your-message\"><textarea cols=\"40\" rows=\"10\" maxlength=\"2000\" class=\"wpcf7-form-control wpcf7-textarea\" aria-invalid=\"false\" name=\"your-message\"><\/textarea><\/span> <\/label>\n<\/p>\n<p><input class=\"wpcf7-form-control wpcf7-submit has-spinner\" type=\"submit\" value=\"Enviar\" \/>\n<\/p><div class=\"wpcf7-response-output\" aria-hidden=\"true\"><\/div>\n<\/form>\n<\/div>\n<div class=\"divider-wrapper \" style=\"visibility:hidden;background-color:#FFFFF\">\n    <div class=\"visible-xs\" style=\"height:40px;\"><\/div>\n    <div class=\"visible-sm\" style=\"height:40px;\"><\/div>\n    <div class=\"visible-md\" style=\"height:40px;\"><\/div>\n    <div class=\"visible-lg\" style=\"height:40px;\"><\/div>\n<\/div><div class=\"divider-wrapper \" style=\"visibility:hidden;background-color:#FFFFF\">\n    <div class=\"visible-xs\" style=\"height:40px;\"><\/div>\n    <div class=\"visible-sm\" style=\"height:40px;\"><\/div>\n    <div class=\"visible-md\" style=\"height:40px;\"><\/div>\n    <div class=\"visible-lg\" style=\"height:40px;\"><\/div>\n<\/div><\/div><div class=\"col-md-1     text-default small-screen-default\"  ><\/div>        <\/div>\n    <\/div>\n<\/section>\n","protected":false},"excerpt":{"rendered":"MILVI GESTI\u00d3N, S.L. Servicios integrales SERVICIOS Desde Milvi Gesti\u00f3n queremos ofrecerte una serie de servicios integrales para proteger y rentabilizar tu patrimonio. ASESORAMIENTO FINANCIERO Nuestros profesionales te indicar\u00e1n las mejores alternativas para sacarle un mayor rendimiento a tus inversiones de acuerdo con el riesgo que quieras asumir. ASESORAMIENTO INMOBILIARIO Ya sea un inmueble de tu","protected":false},"author":1,"featured_media":0,"parent":0,"menu_order":0,"comment_status":"open","ping_status":"open","template":"","meta":{"footnotes":""},"class_list":["post-38","page","type-page","status-publish","hentry"],"_links":{"self":[{"href":"https:\/\/milvi.es\/index.php\/wp-json\/wp\/v2\/pages\/38","targetHints":{"allow":["GET"]}}],"collection":[{"href":"https:\/\/milvi.es\/index.php\/wp-json\/wp\/v2\/pages"}],"about":[{"href":"https:\/\/milvi.es\/index.php\/wp-json\/wp\/v2\/types\/page"}],"author":[{"embeddable":true,"href":"https:\/\/milvi.es\/index.php\/wp-json\/wp\/v2\/users\/1"}],"replies":[{"embeddable":true,"href":"https:\/\/milvi.es\/index.php\/wp-json\/wp\/v2\/comments?post=38"}],"version-history":[{"count":59,"href":"https:\/\/milvi.es\/index.php\/wp-json\/wp\/v2\/pages\/38\/revisions"}],"predecessor-version":[{"id":151,"href":"https:\/\/milvi.es\/index.php\/wp-json\/wp\/v2\/pages\/38\/revisions\/151"}],"wp:attachment":[{"href":"https:\/\/milvi.es\/index.php\/wp-json\/wp\/v2\/media?parent=38"}],"curies":[{"name":"wp","href":"https:\/\/api.w.org\/{rel}","templated":true}]}}